{"id":952,"date":"2022-11-07T09:41:17","date_gmt":"2022-11-07T12:41:17","guid":{"rendered":"https:\/\/red.siteup.dev\/?page_id=952"},"modified":"2022-11-07T10:45:18","modified_gmt":"2022-11-07T13:45:18","slug":"blog","status":"publish","type":"page","link":"https:\/\/red.siteup.dev\/en_us\/blog\/","title":{"rendered":"Blog"},"content":{"rendered":"<div data-elementor-type=\"wp-page\" data-elementor-id=\"952\" class=\"elementor elementor-952\" data-elementor-post-type=\"page\">\n\t\t\t\t<div class=\"elementor-element elementor-element-a08f2a0 e-flex e-con-boxed e-con e-parent\" data-id=\"a08f2a0\" data-element_type=\"container\">\n\t\t\t\t\t<div class=\"e-con-inner\">\n\t\t<div class=\"elementor-element elementor-element-0724037 e-con-full e-flex e-con e-parent\" data-id=\"0724037\" data-element_type=\"container\">\n\t\t\t\t<div class=\"elementor-element elementor-element-e8c3d69 elementor-widget elementor-widget-heading\" data-id=\"e8c3d69\" data-element_type=\"widget\" data-widget_type=\"heading.default\">\n\t\t\t\t<div class=\"elementor-widget-container\">\n\t\t\t<h1 class=\"elementor-heading-title elementor-size-default\">News<\/h1>\t\t<\/div>\n\t\t\t\t<\/div>\n\t\t\t\t<div class=\"elementor-element elementor-element-4f54294 elementor-widget elementor-widget-heading\" data-id=\"4f54294\" data-element_type=\"widget\" data-widget_type=\"heading.default\">\n\t\t\t\t<div class=\"elementor-widget-container\">\n\t\t\t<h2 class=\"elementor-heading-title elementor-size-default\">Access our <span class=\"gradiente\">News<\/span><\/h2>\t\t<\/div>\n\t\t\t\t<\/div>\n\t\t\t\t<div class=\"elementor-element elementor-element-6fcd4f9 elementor-grid-4 elementor-grid-tablet-2 elementor-grid-mobile-1 elementor-posts--thumbnail-top elementor-widget elementor-widget-posts\" data-id=\"6fcd4f9\" data-element_type=\"widget\" data-settings=\"{&quot;classic_columns&quot;:&quot;4&quot;,&quot;pagination_type&quot;:&quot;numbers&quot;,&quot;classic_columns_tablet&quot;:&quot;2&quot;,&quot;classic_columns_mobile&quot;:&quot;1&quot;,&quot;classic_row_gap&quot;:{&quot;unit&quot;:&quot;px&quot;,&quot;size&quot;:35,&quot;sizes&quot;:[]},&quot;classic_row_gap_tablet&quot;:{&quot;unit&quot;:&quot;px&quot;,&quot;size&quot;:&quot;&quot;,&quot;sizes&quot;:[]},&quot;classic_row_gap_mobile&quot;:{&quot;unit&quot;:&quot;px&quot;,&quot;size&quot;:&quot;&quot;,&quot;sizes&quot;:[]}}\" data-widget_type=\"posts.classic\">\n\t\t\t\t<div class=\"elementor-widget-container\">\n\t\t\t\t\t<div class=\"elementor-posts-container elementor-posts elementor-posts--skin-classic elementor-grid\">\n\t\t\t\t<article class=\"elementor-post elementor-grid-item post-452 post type-post status-publish format-standard has-post-thumbnail hentry category-uncategorized\">\n\t\t\t\t<a class=\"elementor-post__thumbnail__link\" href=\"https:\/\/red.siteup.dev\/en_us\/a-importancia-dos-testes-regressivos-automatizados\/\" tabindex=\"-1\" >\n\t\t\t<div class=\"elementor-post__thumbnail\"><img fetchpriority=\"high\" decoding=\"async\" width=\"640\" height=\"410\" src=\"https:\/\/red.siteup.dev\/wp-content\/uploads\/2022\/10\/regressivo-automatizado.jpg\" class=\"attachment-medium_large size-medium_large wp-image-935\" alt=\"regressivo automatizado\" srcset=\"https:\/\/red.siteup.dev\/wp-content\/uploads\/2022\/10\/regressivo-automatizado.jpg 640w, https:\/\/red.siteup.dev\/wp-content\/uploads\/2022\/10\/regressivo-automatizado-300x192.jpg 300w, https:\/\/red.siteup.dev\/wp-content\/uploads\/2022\/10\/regressivo-automatizado-18x12.jpg 18w\" sizes=\"(max-width: 640px) 100vw, 640px\" \/><\/div>\n\t\t<\/a>\n\t\t\t\t<div class=\"elementor-post__text\">\n\t\t\t\t<h3 class=\"elementor-post__title\">\n\t\t\t<a href=\"https:\/\/red.siteup.dev\/en_us\/a-importancia-dos-testes-regressivos-automatizados\/\" >\n\t\t\t\tA import\u00e2ncia dos testes regressivos automatizados\t\t\t<\/a>\n\t\t<\/h3>\n\t\t\t\t<div class=\"elementor-post__meta-data\">\n\t\t\t\t\t<span class=\"elementor-post-date\">\n\t\t\t05\/10\/2022\t\t<\/span>\n\t\t\t\t<\/div>\n\t\t\t\t\t<div class=\"elementor-post__read-more-wrapper\">\n\t\t\n\t\t<a class=\"elementor-post__read-more\" href=\"https:\/\/red.siteup.dev\/en_us\/a-importancia-dos-testes-regressivos-automatizados\/\" aria-label=\"Read more about A import\u00e2ncia dos testes regressivos automatizados\" tabindex=\"-1\" >\n\t\t\tRead the article\t\t<\/a>\n\n\t\t\t\t\t<\/div>\n\t\t\t\t<\/div>\n\t\t\t\t<\/article>\n\t\t\t\t<article class=\"elementor-post elementor-grid-item post-458 post type-post status-publish format-standard has-post-thumbnail hentry category-uncategorized\">\n\t\t\t\t<a class=\"elementor-post__thumbnail__link\" href=\"https:\/\/red.siteup.dev\/en_us\/devsecops-para-integrar-os-processos-da-sua-empresa\/\" tabindex=\"-1\" >\n\t\t\t<div class=\"elementor-post__thumbnail\"><img decoding=\"async\" width=\"640\" height=\"410\" src=\"https:\/\/red.siteup.dev\/wp-content\/uploads\/2022\/10\/Devsecops.jpg\" class=\"attachment-medium_large size-medium_large wp-image-940\" alt=\"Devsecops\" srcset=\"https:\/\/red.siteup.dev\/wp-content\/uploads\/2022\/10\/Devsecops.jpg 640w, https:\/\/red.siteup.dev\/wp-content\/uploads\/2022\/10\/Devsecops-300x192.jpg 300w, https:\/\/red.siteup.dev\/wp-content\/uploads\/2022\/10\/Devsecops-18x12.jpg 18w\" sizes=\"(max-width: 640px) 100vw, 640px\" \/><\/div>\n\t\t<\/a>\n\t\t\t\t<div class=\"elementor-post__text\">\n\t\t\t\t<h3 class=\"elementor-post__title\">\n\t\t\t<a href=\"https:\/\/red.siteup.dev\/en_us\/devsecops-para-integrar-os-processos-da-sua-empresa\/\" >\n\t\t\t\tDevsecops para integrar os processos da sua empresa\t\t\t<\/a>\n\t\t<\/h3>\n\t\t\t\t<div class=\"elementor-post__meta-data\">\n\t\t\t\t\t<span class=\"elementor-post-date\">\n\t\t\t05\/10\/2022\t\t<\/span>\n\t\t\t\t<\/div>\n\t\t\t\t\t<div class=\"elementor-post__read-more-wrapper\">\n\t\t\n\t\t<a class=\"elementor-post__read-more\" href=\"https:\/\/red.siteup.dev\/en_us\/devsecops-para-integrar-os-processos-da-sua-empresa\/\" aria-label=\"Read more about Devsecops para integrar os processos da sua empresa\" tabindex=\"-1\" >\n\t\t\tRead the article\t\t<\/a>\n\n\t\t\t\t\t<\/div>\n\t\t\t\t<\/div>\n\t\t\t\t<\/article>\n\t\t\t\t<article class=\"elementor-post elementor-grid-item post-460 post type-post status-publish format-standard has-post-thumbnail hentry category-uncategorized\">\n\t\t\t\t<a class=\"elementor-post__thumbnail__link\" href=\"https:\/\/red.siteup.dev\/en_us\/engenharia-do-caos-descubra-o-que-e\/\" tabindex=\"-1\" >\n\t\t\t<div class=\"elementor-post__thumbnail\"><img decoding=\"async\" width=\"768\" height=\"489\" src=\"https:\/\/red.siteup.dev\/wp-content\/uploads\/2022\/10\/Red-Wolf-4-768x489.jpg\" class=\"attachment-medium_large size-medium_large wp-image-223\" alt=\"Red Wolf\" srcset=\"https:\/\/red.siteup.dev\/wp-content\/uploads\/2022\/10\/Red-Wolf-4-768x489.jpg 768w, https:\/\/red.siteup.dev\/wp-content\/uploads\/2022\/10\/Red-Wolf-4-300x191.jpg 300w, https:\/\/red.siteup.dev\/wp-content\/uploads\/2022\/10\/Red-Wolf-4.jpg 994w\" sizes=\"(max-width: 768px) 100vw, 768px\" \/><\/div>\n\t\t<\/a>\n\t\t\t\t<div class=\"elementor-post__text\">\n\t\t\t\t<h3 class=\"elementor-post__title\">\n\t\t\t<a href=\"https:\/\/red.siteup.dev\/en_us\/engenharia-do-caos-descubra-o-que-e\/\" >\n\t\t\t\tEngenharia do caos: descubra o que \u00e9\t\t\t<\/a>\n\t\t<\/h3>\n\t\t\t\t<div class=\"elementor-post__meta-data\">\n\t\t\t\t\t<span class=\"elementor-post-date\">\n\t\t\t05\/10\/2022\t\t<\/span>\n\t\t\t\t<\/div>\n\t\t\t\t\t<div class=\"elementor-post__read-more-wrapper\">\n\t\t\n\t\t<a class=\"elementor-post__read-more\" href=\"https:\/\/red.siteup.dev\/en_us\/engenharia-do-caos-descubra-o-que-e\/\" aria-label=\"Read more about Engenharia do caos: descubra o que \u00e9\" tabindex=\"-1\" >\n\t\t\tRead the article\t\t<\/a>\n\n\t\t\t\t\t<\/div>\n\t\t\t\t<\/div>\n\t\t\t\t<\/article>\n\t\t\t\t<article class=\"elementor-post elementor-grid-item post-459 post type-post status-publish format-standard has-post-thumbnail hentry category-uncategorized\">\n\t\t\t\t<a class=\"elementor-post__thumbnail__link\" href=\"https:\/\/red.siteup.dev\/en_us\/gerando-valor-atraves-das-solucoes-digitais\/\" tabindex=\"-1\" >\n\t\t\t<div class=\"elementor-post__thumbnail\"><img loading=\"lazy\" decoding=\"async\" width=\"640\" height=\"410\" src=\"https:\/\/red.siteup.dev\/wp-content\/uploads\/2022\/10\/solucoes-digitais.jpg\" class=\"attachment-medium_large size-medium_large wp-image-938\" alt=\"solucoes digitais\" srcset=\"https:\/\/red.siteup.dev\/wp-content\/uploads\/2022\/10\/solucoes-digitais.jpg 640w, https:\/\/red.siteup.dev\/wp-content\/uploads\/2022\/10\/solucoes-digitais-300x192.jpg 300w, https:\/\/red.siteup.dev\/wp-content\/uploads\/2022\/10\/solucoes-digitais-18x12.jpg 18w\" sizes=\"(max-width: 640px) 100vw, 640px\" \/><\/div>\n\t\t<\/a>\n\t\t\t\t<div class=\"elementor-post__text\">\n\t\t\t\t<h3 class=\"elementor-post__title\">\n\t\t\t<a href=\"https:\/\/red.siteup.dev\/en_us\/gerando-valor-atraves-das-solucoes-digitais\/\" >\n\t\t\t\tGerando valor atrav\u00e9s das solu\u00e7\u00f5es digitais\t\t\t<\/a>\n\t\t<\/h3>\n\t\t\t\t<div class=\"elementor-post__meta-data\">\n\t\t\t\t\t<span class=\"elementor-post-date\">\n\t\t\t05\/10\/2022\t\t<\/span>\n\t\t\t\t<\/div>\n\t\t\t\t\t<div class=\"elementor-post__read-more-wrapper\">\n\t\t\n\t\t<a class=\"elementor-post__read-more\" href=\"https:\/\/red.siteup.dev\/en_us\/gerando-valor-atraves-das-solucoes-digitais\/\" aria-label=\"Read more about Gerando valor atrav\u00e9s das solu\u00e7\u00f5es digitais\" tabindex=\"-1\" >\n\t\t\tRead the article\t\t<\/a>\n\n\t\t\t\t\t<\/div>\n\t\t\t\t<\/div>\n\t\t\t\t<\/article>\n\t\t\t\t<\/div>\n\t\t\n\t\t\t\t<\/div>\n\t\t\t\t<\/div>\n\t\t\t\t<\/div>\n\t\t\t\t\t<\/div>\n\t\t\t\t<\/div>\n\t\t\t\t<\/div>","protected":false},"excerpt":{"rendered":"<p>Novidades Acesse nossas Novidades<\/p>","protected":false},"author":2,"featured_media":0,"parent":0,"menu_order":0,"comment_status":"closed","ping_status":"closed","template":"","meta":{"footnotes":""},"class_list":["post-952","page","type-page","status-publish","hentry"],"yoast_head":"<!-- This site is optimized with the Yoast SEO plugin v25.6 - https:\/\/yoast.com\/wordpress\/plugins\/seo\/ -->\n<title>Blog - Red Wolf<\/title>\n<meta name=\"robots\" content=\"noindex, follow, max-snippet:-1, max-image-preview:large, max-video-preview:-1\" \/>\n<meta property=\"og:locale\" content=\"en_US\" \/>\n<meta property=\"og:type\" content=\"article\" \/>\n<meta property=\"og:title\" content=\"Blog - Red Wolf\" \/>\n<meta property=\"og:description\" content=\"Novidades Acesse nossas Novidades\" \/>\n<meta property=\"og:url\" content=\"https:\/\/red.siteup.dev\/en_us\/blog\/\" \/>\n<meta property=\"og:site_name\" content=\"Red Wolf\" \/>\n<meta property=\"article:modified_time\" content=\"2022-11-07T13:45:18+00:00\" \/>\n<meta property=\"og:image\" content=\"https:\/\/red.siteup.dev\/wp-content\/uploads\/2022\/10\/yoast.jpg\" \/>\n\t<meta property=\"og:image:width\" content=\"1200\" \/>\n\t<meta property=\"og:image:height\" content=\"628\" \/>\n\t<meta property=\"og:image:type\" content=\"image\/jpeg\" \/>\n<meta name=\"twitter:card\" content=\"summary_large_image\" \/>\n<meta name=\"twitter:label1\" content=\"Est. reading time\" \/>\n\t<meta name=\"twitter:data1\" content=\"2 minutes\" \/>\n<script type=\"application\/ld+json\" class=\"yoast-schema-graph\">{\"@context\":\"https:\/\/schema.org\",\"@graph\":[{\"@type\":\"WebPage\",\"@id\":\"https:\/\/red.siteup.dev\/en_us\/blog\/\",\"url\":\"https:\/\/red.siteup.dev\/en_us\/blog\/\",\"name\":\"Blog - Red Wolf\",\"isPartOf\":{\"@id\":\"https:\/\/red.siteup.dev\/#website\"},\"datePublished\":\"2022-11-07T12:41:17+00:00\",\"dateModified\":\"2022-11-07T13:45:18+00:00\",\"inLanguage\":\"en-US\",\"potentialAction\":[{\"@type\":\"ReadAction\",\"target\":[\"https:\/\/red.siteup.dev\/en_us\/blog\/\"]}]},{\"@type\":\"WebSite\",\"@id\":\"https:\/\/red.siteup.dev\/#website\",\"url\":\"https:\/\/red.siteup.dev\/\",\"name\":\"Red Wolf\",\"description\":\"\",\"publisher\":{\"@id\":\"https:\/\/red.siteup.dev\/#organization\"},\"potentialAction\":[{\"@type\":\"SearchAction\",\"target\":{\"@type\":\"EntryPoint\",\"urlTemplate\":\"https:\/\/red.siteup.dev\/?s={search_term_string}\"},\"query-input\":{\"@type\":\"PropertyValueSpecification\",\"valueRequired\":true,\"valueName\":\"search_term_string\"}}],\"inLanguage\":\"en-US\"},{\"@type\":\"Organization\",\"@id\":\"https:\/\/red.siteup.dev\/#organization\",\"name\":\"Red Wolf\",\"url\":\"https:\/\/red.siteup.dev\/\",\"logo\":{\"@type\":\"ImageObject\",\"inLanguage\":\"en-US\",\"@id\":\"https:\/\/red.siteup.dev\/#\/schema\/logo\/image\/\",\"url\":\"https:\/\/red.siteup.dev\/wp-content\/uploads\/2022\/10\/Red-Wolf-2.png\",\"contentUrl\":\"https:\/\/red.siteup.dev\/wp-content\/uploads\/2022\/10\/Red-Wolf-2.png\",\"width\":446,\"height\":136,\"caption\":\"Red Wolf\"},\"image\":{\"@id\":\"https:\/\/red.siteup.dev\/#\/schema\/logo\/image\/\"}}]}<\/script>\n<!-- \/ Yoast SEO plugin. -->","yoast_head_json":{"title":"Blog - Red Wolf","robots":{"index":"noindex","follow":"follow","max-snippet":"max-snippet:-1","max-image-preview":"max-image-preview:large","max-video-preview":"max-video-preview:-1"},"og_locale":"en_US","og_type":"article","og_title":"Blog - Red Wolf","og_description":"Novidades Acesse nossas Novidades","og_url":"https:\/\/red.siteup.dev\/en_us\/blog\/","og_site_name":"Red Wolf","article_modified_time":"2022-11-07T13:45:18+00:00","og_image":[{"width":1200,"height":628,"url":"https:\/\/red.siteup.dev\/wp-content\/uploads\/2022\/10\/yoast.jpg","type":"image\/jpeg"}],"twitter_card":"summary_large_image","twitter_misc":{"Est. reading time":"2 minutes"},"schema":{"@context":"https:\/\/schema.org","@graph":[{"@type":"WebPage","@id":"https:\/\/red.siteup.dev\/en_us\/blog\/","url":"https:\/\/red.siteup.dev\/en_us\/blog\/","name":"Blog - Red Wolf","isPartOf":{"@id":"https:\/\/red.siteup.dev\/#website"},"datePublished":"2022-11-07T12:41:17+00:00","dateModified":"2022-11-07T13:45:18+00:00","inLanguage":"en-US","potentialAction":[{"@type":"ReadAction","target":["https:\/\/red.siteup.dev\/en_us\/blog\/"]}]},{"@type":"WebSite","@id":"https:\/\/red.siteup.dev\/#website","url":"https:\/\/red.siteup.dev\/","name":"Red Wolf","description":"","publisher":{"@id":"https:\/\/red.siteup.dev\/#organization"},"potentialAction":[{"@type":"SearchAction","target":{"@type":"EntryPoint","urlTemplate":"https:\/\/red.siteup.dev\/?s={search_term_string}"},"query-input":{"@type":"PropertyValueSpecification","valueRequired":true,"valueName":"search_term_string"}}],"inLanguage":"en-US"},{"@type":"Organization","@id":"https:\/\/red.siteup.dev\/#organization","name":"Red Wolf","url":"https:\/\/red.siteup.dev\/","logo":{"@type":"ImageObject","inLanguage":"en-US","@id":"https:\/\/red.siteup.dev\/#\/schema\/logo\/image\/","url":"https:\/\/red.siteup.dev\/wp-content\/uploads\/2022\/10\/Red-Wolf-2.png","contentUrl":"https:\/\/red.siteup.dev\/wp-content\/uploads\/2022\/10\/Red-Wolf-2.png","width":446,"height":136,"caption":"Red Wolf"},"image":{"@id":"https:\/\/red.siteup.dev\/#\/schema\/logo\/image\/"}}]}},"_links":{"self":[{"href":"https:\/\/red.siteup.dev\/en_us\/wp-json\/wp\/v2\/pages\/952"}],"collection":[{"href":"https:\/\/red.siteup.dev\/en_us\/wp-json\/wp\/v2\/pages"}],"about":[{"href":"https:\/\/red.siteup.dev\/en_us\/wp-json\/wp\/v2\/types\/page"}],"author":[{"embeddable":true,"href":"https:\/\/red.siteup.dev\/en_us\/wp-json\/wp\/v2\/users\/2"}],"replies":[{"embeddable":true,"href":"https:\/\/red.siteup.dev\/en_us\/wp-json\/wp\/v2\/comments?post=952"}],"version-history":[{"count":9,"href":"https:\/\/red.siteup.dev\/en_us\/wp-json\/wp\/v2\/pages\/952\/revisions"}],"predecessor-version":[{"id":990,"href":"https:\/\/red.siteup.dev\/en_us\/wp-json\/wp\/v2\/pages\/952\/revisions\/990"}],"wp:attachment":[{"href":"https:\/\/red.siteup.dev\/en_us\/wp-json\/wp\/v2\/media?parent=952"}],"curies":[{"name":"wp","href":"https:\/\/api.w.org\/{rel}","templated":true}]}}